{"id":29,"date":"2013-07-31T16:04:04","date_gmt":"2013-07-31T14:04:04","guid":{"rendered":"http:\/\/capoeria-bodensee.de\/?page_id=29"},"modified":"2013-07-31T16:04:04","modified_gmt":"2013-07-31T14:04:04","slug":"kontakt","status":"publish","type":"page","link":"https:\/\/capoeira-uniao.de\/blog\/kontakt\/","title":{"rendered":"Kontakt"},"content":{"rendered":"<div role=\"form\" class=\"wpcf7\" id=\"wpcf7-f6-o1\" lang=\"en-US\" dir=\"ltr\">\n<div class=\"screen-reader-response\"><p role=\"status\" aria-live=\"polite\" aria-atomic=\"true\"><\/p> <ul><\/ul><\/div>\n<form action=\"\/blog\/wp-json\/wp\/v2\/pages\/29#wpcf7-f6-o1\" method=\"post\" class=\"wpcf7-form init\" novalidate=\"novalidate\" data-status=\"init\">\n<div style=\"display: none;\">\n<input type=\"hidden\" name=\"_wpcf7\" value=\"6\" \/>\n<input type=\"hidden\" name=\"_wpcf7_version\" value=\"5.6.4\" \/>\n<input type=\"hidden\" name=\"_wpcf7_locale\" value=\"en_US\" \/>\n<input type=\"hidden\" name=\"_wpcf7_unit_tag\" value=\"wpcf7-f6-o1\" \/>\n<input type=\"hidden\" name=\"_wpcf7_container_post\" value=\"0\" \/>\n<input type=\"hidden\" name=\"_wpcf7_posted_data_hash\" value=\"\" \/>\n<\/div>\n<p>Ihr Name (Pflichtfeld)<br \/>\n    <span class=\"wpcf7-form-control-wrap\" data-name=\"your-name\"><input type=\"text\" name=\"your-name\" value=\"\" size=\"40\" class=\"wpcf7-form-control wpcf7-text wpcf7-validates-as-required\" aria-required=\"true\" aria-invalid=\"false\" \/><\/span> <\/p>\n<p>Ihre E-Mail-Adresse (Pflichtfeld)<br \/>\n    <span class=\"wpcf7-form-control-wrap\" data-name=\"your-email\"><input type=\"email\" name=\"your-email\" value=\"\" size=\"40\" class=\"wpcf7-form-control wpcf7-text wpcf7-email wpcf7-validates-as-required wpcf7-validates-as-email\" aria-required=\"true\" aria-invalid=\"false\" \/><\/span> <\/p>\n<p>Betreff<br \/>\n    <span class=\"wpcf7-form-control-wrap\" data-name=\"your-subject\"><input type=\"text\" name=\"your-subject\" value=\"\" size=\"40\" class=\"wpcf7-form-control wpcf7-text\" aria-invalid=\"false\" \/><\/span> <\/p>\n<p>Ihre Nachricht<br \/>\n    <span class=\"wpcf7-form-control-wrap\" data-name=\"your-message\"><textarea name=\"your-message\" cols=\"40\" rows=\"10\" class=\"wpcf7-form-control wpcf7-textarea\" aria-invalid=\"false\"><\/textarea><\/span> <\/p>\n<p><input type=\"submit\" value=\"Senden\" class=\"wpcf7-form-control has-spinner wpcf7-submit\" \/><\/p>\n<div class=\"wpcf7-response-output\" aria-hidden=\"true\"><\/div><\/form><\/div>\n","protected":false},"excerpt":{"rendered":"","protected":false},"author":2,"featured_media":0,"parent":0,"menu_order":0,"comment_status":"closed","ping_status":"closed","template":"","meta":{"_et_pb_use_builder":"","_et_pb_old_content":"","_et_gb_content_width":"","jetpack_post_was_ever_published":false,"footnotes":""},"class_list":["post-29","page","type-page","status-publish","hentry"],"jetpack_shortlink":"https:\/\/wp.me\/PcsGiZ-t","jetpack-related-posts":[{"id":1605,"url":"https:\/\/capoeira-uniao.de\/blog\/training_kluftern\/","url_meta":{"origin":29,"position":0},"title":"Kluftern","date":"18\/03\/2024","format":false,"excerpt":"Professora Sereia & Aluno Formado Godzilla \u00a0 Erwachsenen & Jugendliche ab 14 JahreMontags\u00a019:00 \u2013 20:30 UhrFreitags\u00a018:30 \u2013 20:00 Uhr Kinder ab 8 JahreFreitags\u00a016:30 \u2013 17:45 Uhr AdresseBrunnisachhalle KlufternMarkdorfer Str. 108, 88048 Friedrichshafen In den Schulferien findet leider kein Training statt ! F\u00fcr das Training ben\u00f6tigst du bequeme Klamotten und etwas\u2026","rel":"","context":"\u00c4hnlicher Beitrag","img":{"alt_text":"","src":"https:\/\/i0.wp.com\/capoeira-uniao.de\/blog\/wp-content\/uploads\/2021\/02\/roda_di_capoeira_by_nutellinho.jpg?fit=600%2C437&ssl=1&resize=350%2C200","width":350,"height":200},"classes":[]},{"id":21,"url":"https:\/\/capoeira-uniao.de\/blog\/membersite\/","url_meta":{"origin":29,"position":1},"title":"Impressum und Datenschutz","date":"31\/07\/2013","format":false,"excerpt":"Angaben gem\u00e4\u00df \u00a7 5 TMG: Akademia de Capoeira Uniao Alemanha Paulo Branco Laurastr. 27 88250 Weingarten Tele: +49 160 94603132 Mail: soneca@capoeira-uniao.de Quelle:\u00a0http:\/\/www.e-recht24.de Haftungsausschluss & Datenschutz auf eine Blick\u00a0 Haftung f\u00fcr Inhalte Als Diensteanbieter sind wir gem\u00e4\u00df \u00a7 7 Abs.1 TMG f\u00fcr eigene Inhalte auf diesen Seiten nach den allgemeinen\u2026","rel":"","context":"\u00c4hnlicher Beitrag","img":{"alt_text":"","src":"","width":0,"height":0},"classes":[]},{"id":45,"url":"https:\/\/capoeira-uniao.de\/blog\/soneca\/","url_meta":{"origin":29,"position":2},"title":"Mestrando Soneca","date":"31\/07\/2013","format":false,"excerpt":"geboren 1976 in Weingarten. 2001 kam er zum ersten Mal auf einer Vorf\u00fchrung von Mestre Omar in Friedrichshafen mit Capoeira in Kontakt. Kurz darauf fing er in Friedrichshafen an zu trainieren. Seine regelm\u00e4ssigen Trainingseinheiten hat er mit Workshops innerhalb der Gruppe und auf Workshops in anderen Gruppen erg\u00e4nzt. 2011 erlangte\u2026","rel":"","context":"\u00c4hnlicher Beitrag","img":{"alt_text":"","src":"https:\/\/i0.wp.com\/capoeira-uniao.de\/blog\/wp-content\/uploads\/2013\/08\/SavedPicture-20138183032.jpg?fit=402%2C604&ssl=1&resize=350%2C200","width":350,"height":200},"classes":[]},{"id":2080,"url":"https:\/\/capoeira-uniao.de\/blog\/primisweiler\/","url_meta":{"origin":29,"position":3},"title":"Primisweiler","date":"31\/03\/2025","format":false,"excerpt":"Professora Artista Trainingszeiten: Erwachsene & Jugendliche (ab 14 Jahre) Montag: 18:00-19:30 Uhr Gemeindehaus Primisweiler Kinder: Dienstag 15:30 - 16:30 Uhr ab 7 Jahre 16:30 - 17:30 Uhr ab 4 Jahre Sporthalle Primisweiler \u00a0","rel":"","context":"\u00c4hnlicher Beitrag","img":{"alt_text":"","src":"","width":0,"height":0},"classes":[]},{"id":79,"url":"https:\/\/capoeira-uniao.de\/blog\/kindertraining\/","url_meta":{"origin":29,"position":4},"title":"Kindertraining","date":"31\/07\/2013","format":false,"excerpt":"springen, singen und Klatschen Trainier: Mestrando Soneca Professora Artista Trainingszeiten: Samstag: 10:00 \u2013 11:00 Uhr ab 4 Jahre 11:00 \u2013 12:30 Uhr ab 7 Jahre Ben\u00f6tigen ich irgendwelche\u00a0Voraussetzungen\u00a0oder Spezielle Kleidung? Capoeira kann jede\/er machen der Lust an Bewegung und Musik hat. Ihr ben\u00f6tigt lediglich eine Kurze oder Lange Sporthose und\u2026","rel":"","context":"\u00c4hnlicher Beitrag","img":{"alt_text":"","src":"https:\/\/i0.wp.com\/capoeira-uniao.de\/blog\/wp-content\/uploads\/2015\/10\/Capoeira-infantil.jpg?fit=981%2C706&ssl=1&resize=350%2C200","width":350,"height":200},"classes":[]},{"id":49,"url":"https:\/\/capoeira-uniao.de\/blog\/artista\/","url_meta":{"origin":29,"position":5},"title":"Professora Artista","date":"31\/07\/2013","format":false,"excerpt":"Artista hat ihre Leidenschaft f\u00fcr Capoeira relativ sp\u00e4t entdeckt. Auf ihren Reisen nach Brasilien, USA und in Europa hat sie bei zahlreichen Gruppen mittrainiert und dabei viele Erfahrungen gesammelt. Sie leitete 6 Jahre eine erwachsene und kinder Gruppe in Wangen.","rel":"","context":"\u00c4hnlicher Beitrag","img":{"alt_text":"","src":"https:\/\/i0.wp.com\/capoeira-uniao.de\/blog\/wp-content\/uploads\/2013\/07\/InstrArtistaUniao.jpg?fit=591%2C633&ssl=1&resize=350%2C200","width":350,"height":200},"classes":[]}],"_links":{"self":[{"href":"https:\/\/capoeira-uniao.de\/blog\/wp-json\/wp\/v2\/pages\/29","targetHints":{"allow":["GET"]}}],"collection":[{"href":"https:\/\/capoeira-uniao.de\/blog\/wp-json\/wp\/v2\/pages"}],"about":[{"href":"https:\/\/capoeira-uniao.de\/blog\/wp-json\/wp\/v2\/types\/page"}],"author":[{"embeddable":true,"href":"https:\/\/capoeira-uniao.de\/blog\/wp-json\/wp\/v2\/users\/2"}],"replies":[{"embeddable":true,"href":"https:\/\/capoeira-uniao.de\/blog\/wp-json\/wp\/v2\/comments?post=29"}],"version-history":[{"count":1,"href":"https:\/\/capoeira-uniao.de\/blog\/wp-json\/wp\/v2\/pages\/29\/revisions"}],"predecessor-version":[{"id":30,"href":"https:\/\/capoeira-uniao.de\/blog\/wp-json\/wp\/v2\/pages\/29\/revisions\/30"}],"wp:attachment":[{"href":"https:\/\/capoeira-uniao.de\/blog\/wp-json\/wp\/v2\/media?parent=29"}],"curies":[{"name":"wp","href":"https:\/\/api.w.org\/{rel}","templated":true}]}}