{"id":1954,"date":"2024-09-19T20:25:19","date_gmt":"2024-09-19T19:25:19","guid":{"rendered":"https:\/\/capoeira-uniao.de\/blog\/?page_id=1954"},"modified":"2025-12-07T15:41:14","modified_gmt":"2025-12-07T14:41:14","slug":"godzilla","status":"publish","type":"page","link":"https:\/\/capoeira-uniao.de\/blog\/godzilla\/","title":{"rendered":"Aluno Formado Godzilla"},"content":{"rendered":"\r\n<figure class=\"wp-block-image size-large\"><a href=\"https:\/\/i0.wp.com\/capoeira-uniao.de\/blog\/wp-content\/uploads\/2024\/09\/godzilla_-e1726762449141.jpeg?ssl=1\"><img decoding=\"async\" data-attachment-id=\"1210\" data-permalink=\"https:\/\/capoeira-uniao.de\/blog\/sereia-2\/\" data-orig-file=\"https:\/\/i0.wp.com\/capoeira-uniao.de\/blog\/wp-content\/uploads\/2021\/10\/sereia-edited.jpeg?fit=543%2C549&amp;ssl=1\" data-orig-size=\"543,549\" data-comments-opened=\"0\" data-image-meta=\"{&quot;aperture&quot;:&quot;0&quot;,&quot;credit&quot;:&quot;&quot;,&quot;camera&quot;:&quot;&quot;,&quot;caption&quot;:&quot;&quot;,&quot;created_timestamp&quot;:&quot;0&quot;,&quot;copyright&quot;:&quot;&quot;,&quot;focal_length&quot;:&quot;0&quot;,&quot;iso&quot;:&quot;0&quot;,&quot;shutter_speed&quot;:&quot;0&quot;,&quot;title&quot;:&quot;&quot;,&quot;orientation&quot;:&quot;0&quot;}\" data-image-title=\"sereia\" data-image-description=\"\" data-image-caption=\"\" data-medium-file=\"https:\/\/i0.wp.com\/capoeira-uniao.de\/blog\/wp-content\/uploads\/2021\/10\/sereia-edited.jpeg?fit=297%2C300&amp;ssl=1\" data-large-file=\"https:\/\/i0.wp.com\/capoeira-uniao.de\/blog\/wp-content\/uploads\/2021\/10\/sereia-edited.jpeg?fit=543%2C549&amp;ssl=1\" class=\"wp-image-1210\" src=\"https:\/\/i0.wp.com\/capoeira-uniao.de\/blog\/wp-content\/uploads\/2024\/09\/godzilla_-e1726762449141.jpeg?w=1080&#038;ssl=1\" alt=\"\" data-recalc-dims=\"1\" \/><\/a><\/figure>\r\n\r\n<p>Ich habe schon immer viel Sport getrieben und aus diesem Grunde auch immer neue Kampfsportarten versucht und wieder sein lassen. Mit 36 Jahren kam ich durch Zufall auf die Capoeira Gruppe von <a href=\"https:\/\/capoeira-uniao.de\/blog\/soneca\/\">Mestrando Soneca<\/a>\u00a0in Ravensburg und wusste nach dem ersten Training, dass ich nicht mehr suchen muss.<br \/>Seit 2016 fasziniert mich die Vielfalt der Elemente, wie Musik, Geschichte, K\u00f6rperbeherrschung und \u00c4sthetik dieses Sports. Besonders Hat mich die Ideologie bzw Lebensphilosophie der Capoeira Meister inspiriert. Das Wesen von Capoeira ist das \u201ehinfallen und wieder aufstehen.\u201c<br \/>Diese positive Einstellung und Freude sind zentrale Elemente im Leben eines Capoeiristas sowohl auch die Spontanit\u00e4t im Spiel. Genau das \u00fcbereinstimmt mit meiner pers\u00f6nlichen Ideologie und Einstellung.<br \/>In meinem Training sind mir die Grundlagen sehr wichtig. Ohne eine gute Basis und deren korrekte Ausf\u00fchrung ist der Aufbau sehr viel schwieriger. <br \/><br \/><a href=\"https:\/\/capoeira-uniao.de\/blog\/sereia\/\">Professora Sereia<\/a> und ich leiten zusammen seit 2024 die <a href=\"https:\/\/www.instagram.com\/capoeira.uniao.bodensee\/\" target=\"_blank\" rel=\"noopener\">Capoeira Uni\u00e3o Bodensee<\/a> in <a href=\"https:\/\/maps.app.goo.gl\/L914mtoVMyUJBNXi6\" target=\"_blank\" rel=\"noopener\">Kluftern<\/a> <br \/><br \/>Achja, und warum ich Godzilla hei\u00dfe, verrate ich Dir w\u00e4hrend wir Capoeira spielen \ud83d\ude09 <br \/><br \/><\/p>","protected":false},"excerpt":{"rendered":"<p>Ich habe schon immer viel Sport getrieben und aus diesem Grunde auch immer neue Kampfsportarten versucht und wieder sein lassen. Mit 36 Jahren kam ich durch Zufall auf die Capoeira Gruppe von Mestrando Soneca\u00a0in Ravensburg und wusste nach dem ersten Training, dass ich nicht mehr suchen muss.Seit 2016 fasziniert mich die Vielfalt der Elemente, wie [&hellip;]<\/p>\n","protected":false},"author":10,"featured_media":2014,"parent":0,"menu_order":0,"comment_status":"closed","ping_status":"closed","template":"","meta":{"_et_pb_use_builder":"off","_et_pb_old_content":"","_et_gb_content_width":"","jetpack_post_was_ever_published":false,"footnotes":""},"class_list":["post-1954","page","type-page","status-publish","has-post-thumbnail","hentry"],"jetpack_shortlink":"https:\/\/wp.me\/PcsGiZ-vw","jetpack-related-posts":[{"id":41,"url":"https:\/\/capoeira-uniao.de\/blog\/ravensburg\/","url_meta":{"origin":1954,"position":0},"title":"Ravensburg","date":"31\/07\/2013","format":false,"excerpt":"Mestrando Soneca & Professora Sereia CAPOEIRA f\u00fcr Einsteiger, Anf\u00e4nger und Fortgeschrittene. Trainingszeiten: Erwachsene & Jugendliche ab 15 Jahre Mittwochs: 18:45 - 20:15 Uhr Freitags: 18:30 - 20:00 Uhr Kinder Samstags: mit\u00a0Mestrando Soneca &\u00a0Professora Artista 10:00 - 11:00 Uhr ab 4 Jahre 11:00 - 12:30 Uhr ab 7 Jahre Adresse: KJC\u2026","rel":"","context":"\u00c4hnlicher Beitrag","img":{"alt_text":"","src":"https:\/\/i0.wp.com\/capoeira-uniao.de\/blog\/wp-content\/uploads\/2013\/07\/IMG_20150314_142658.jpg?fit=1200%2C900&ssl=1&resize=350%2C200","width":350,"height":200},"classes":[]},{"id":1026,"url":"https:\/\/capoeira-uniao.de\/blog\/sereia\/","url_meta":{"origin":1954,"position":1},"title":"Professora Sereia","date":"17\/10\/2021","format":false,"excerpt":"\u00a0 Sereia hatte schon von Klein auf eine Leidenschaft f\u00fcr Bewegung und Musik entwickelt. Jahrelanges Training in unterschiedlichen Stilen gaben ihr die n\u00f6tige Kraft und Ausdauer mit.2010 entdeckte sie Capoeira, was ihre beiden Leidenschaften in einem Sport vereint.Deshalb begann sie das Training w\u00e4hrend ihres Studiums bei Grupo Capoeira Brasil. W\u00e4hrend\u2026","rel":"","context":"\u00c4hnlicher Beitrag","img":{"alt_text":"","src":"https:\/\/i0.wp.com\/capoeira-uniao.de\/blog\/wp-content\/uploads\/2021\/10\/sereia-edited-1.jpeg?fit=543%2C407&ssl=1&resize=350%2C200","width":350,"height":200},"classes":[]},{"id":1328,"url":"https:\/\/capoeira-uniao.de\/blog\/news\/","url_meta":{"origin":1954,"position":2},"title":"News","date":"23\/03\/2023","format":false,"excerpt":"[et_pb_text _builder_version=\"4.19.2\" text_font=\"Montserrat|300|||||||\" text_font_size=\"20px\" text_line_height=\"1.8em\" transform_scale=\"108%|108%\" transform_translate=\"3px|-25px\" background_layout=\"dark\" width=\"100%\" custom_padding=\"|0px|0px|||\"\u2026","rel":"","context":"\u00c4hnlicher Beitrag","img":{"alt_text":"","src":"","width":0,"height":0},"classes":[]},{"id":45,"url":"https:\/\/capoeira-uniao.de\/blog\/soneca\/","url_meta":{"origin":1954,"position":3},"title":"Mestrando Soneca","date":"31\/07\/2013","format":false,"excerpt":"geboren 1976 in Weingarten. 2001 kam er zum ersten Mal auf einer Vorf\u00fchrung von Mestre Omar in Friedrichshafen mit Capoeira in Kontakt. Kurz darauf fing er in Friedrichshafen an zu trainieren. Seine regelm\u00e4ssigen Trainingseinheiten hat er mit Workshops innerhalb der Gruppe und auf Workshops in anderen Gruppen erg\u00e4nzt. 2011 erlangte\u2026","rel":"","context":"\u00c4hnlicher Beitrag","img":{"alt_text":"","src":"https:\/\/i0.wp.com\/capoeira-uniao.de\/blog\/wp-content\/uploads\/2013\/08\/SavedPicture-20138183032.jpg?fit=402%2C604&ssl=1&resize=350%2C200","width":350,"height":200},"classes":[]},{"id":79,"url":"https:\/\/capoeira-uniao.de\/blog\/kindertraining\/","url_meta":{"origin":1954,"position":4},"title":"Kindertraining","date":"31\/07\/2013","format":false,"excerpt":"springen, singen und Klatschen Trainier: Mestrando Soneca Professora Artista Trainingszeiten: Samstag: 10:00 \u2013 11:00 Uhr ab 4 Jahre 11:00 \u2013 12:30 Uhr ab 7 Jahre Ben\u00f6tigen ich irgendwelche\u00a0Voraussetzungen\u00a0oder Spezielle Kleidung? Capoeira kann jede\/er machen der Lust an Bewegung und Musik hat. Ihr ben\u00f6tigt lediglich eine Kurze oder Lange Sporthose und\u2026","rel":"","context":"\u00c4hnlicher Beitrag","img":{"alt_text":"","src":"https:\/\/i0.wp.com\/capoeira-uniao.de\/blog\/wp-content\/uploads\/2015\/10\/Capoeira-infantil.jpg?fit=981%2C706&ssl=1&resize=350%2C200","width":350,"height":200},"classes":[]},{"id":2080,"url":"https:\/\/capoeira-uniao.de\/blog\/primisweiler\/","url_meta":{"origin":1954,"position":5},"title":"Primisweiler","date":"31\/03\/2025","format":false,"excerpt":"Professora Artista Trainingszeiten: Erwachsene & Jugendliche (ab 14 Jahre) Montag: 18:00-19:30 Uhr Gemeindehaus Primisweiler Kinder: Dienstag 15:30 - 16:30 Uhr ab 7 Jahre 16:30 - 17:30 Uhr ab 4 Jahre Sporthalle Primisweiler \u00a0","rel":"","context":"\u00c4hnlicher Beitrag","img":{"alt_text":"","src":"","width":0,"height":0},"classes":[]}],"_links":{"self":[{"href":"https:\/\/capoeira-uniao.de\/blog\/wp-json\/wp\/v2\/pages\/1954","targetHints":{"allow":["GET"]}}],"collection":[{"href":"https:\/\/capoeira-uniao.de\/blog\/wp-json\/wp\/v2\/pages"}],"about":[{"href":"https:\/\/capoeira-uniao.de\/blog\/wp-json\/wp\/v2\/types\/page"}],"author":[{"embeddable":true,"href":"https:\/\/capoeira-uniao.de\/blog\/wp-json\/wp\/v2\/users\/10"}],"replies":[{"embeddable":true,"href":"https:\/\/capoeira-uniao.de\/blog\/wp-json\/wp\/v2\/comments?post=1954"}],"version-history":[{"count":65,"href":"https:\/\/capoeira-uniao.de\/blog\/wp-json\/wp\/v2\/pages\/1954\/revisions"}],"predecessor-version":[{"id":2180,"href":"https:\/\/capoeira-uniao.de\/blog\/wp-json\/wp\/v2\/pages\/1954\/revisions\/2180"}],"wp:featuredmedia":[{"embeddable":true,"href":"https:\/\/capoeira-uniao.de\/blog\/wp-json\/wp\/v2\/media\/2014"}],"wp:attachment":[{"href":"https:\/\/capoeira-uniao.de\/blog\/wp-json\/wp\/v2\/media?parent=1954"}],"curies":[{"name":"wp","href":"https:\/\/api.w.org\/{rel}","templated":true}]}}