{"id":1605,"date":"2024-03-18T16:00:49","date_gmt":"2024-03-18T15:00:49","guid":{"rendered":"https:\/\/capoeira-uniao.de\/blog\/?page_id=1605"},"modified":"2026-02-25T13:07:46","modified_gmt":"2026-02-25T12:07:46","slug":"training_kluftern","status":"publish","type":"page","link":"https:\/\/capoeira-uniao.de\/blog\/training_kluftern\/","title":{"rendered":"Kluftern"},"content":{"rendered":"\r\n<h2><strong><span style=\"color: #000080;\"><a style=\"color: #000080;\" href=\"https:\/\/capoeira-uniao.de\/blog\/sereia\/\">Professora Sereia<\/a> &amp; <\/span><\/strong><strong><span style=\"color: #000080;\"><a style=\"color: #000080;\" href=\"https:\/\/capoeira-uniao.de\/blog\/godzilla\/\">Aluno Formado Godzilla<\/a><\/span><\/strong><\/h2>\r\n<p>&nbsp;<\/p>\r\n<h4><span style=\"color: #000000;\"><strong>Erwachsenen &amp; Jugendliche ab 14 Jahre<br \/><\/strong><\/span><span style=\"color: #000000;\"><strong>Montags<\/strong>\u00a0<strong>19:00 \u2013 20:30 Uhr<br \/><\/strong><\/span><span style=\"color: #000000;\"><strong>Freitags<\/strong>\u00a0<strong>18:30 \u2013 20:00 Uhr<br \/><\/strong><\/span><span style=\"color: #000000;\"><em><br \/><\/em><\/span><\/h4>\r\n<h4><span style=\"color: #000000;\"><strong>Kinder ab 8 Jahre<\/strong><\/span><br \/><span style=\"color: #000000;\"><strong>Freitags<\/strong>\u00a0<strong>16:30 \u2013 17:45 Uhr<\/strong><\/span><br \/><br \/><\/h4>\r\n<p><strong>Adresse<br \/><\/strong><strong><a href=\"https:\/\/maps.app.goo.gl\/uKaH2NZJ8F2kbHWw5\" target=\"_blank\" rel=\"noopener\">Brunnisachhalle Kluftern<\/a><br \/><a tabindex=\"0\" href=\"https:\/\/maps.app.goo.gl\/uKaH2NZJ8F2kbHWw5\" target=\"_blank\" rel=\"noopener\" data-url=\"\/maps\/place\/\/data=!4m2!3m1!1s0x479aff89db0aaa47:0x96e506c7c857f534?sa=X&amp;ved=2ahUKEwi7l7D1lv6EAxVtVPEDHUUvBIkQ4kB6BAgPEAA\" data-jsarwt=\"1\" data-usg=\"AOvVaw1YvDRc1ZgCDHkbdTxuklpY\" data-ved=\"2ahUKEwi7l7D1lv6EAxVtVPEDHUUvBIkQ4kB6BAhcEAM\">Markdorfer Str. 108, 88048 Friedrichshafen<\/a><\/strong><\/p>\r\n<p>In den Schulferien findet leider kein Training statt !<\/p>\r\n<p>F\u00fcr das Training ben\u00f6tigst du bequeme Klamotten und etwas zu trinken. Wir trainieren Barfu\u00df.<br \/>Wenn du Spa\u00df an Bewegung und Gruppendynamik hast, ist dieser Sport genau das Richtige!<\/p>\r\n<p>Besuch uns unter:<\/p>\r\n<p><a href=\"https:\/\/capoeira-bodensee.com\/\" target=\"_blank\" rel=\"noopener\">Capoeira Uni\u00e3o Bodensee<\/a><\/p>\r\n<p>&nbsp;<\/p>\r\n<div class=\"wp-block-buttons is-content-justification-center is-layout-flex wp-container-core-buttons-is-layout-1 wp-block-buttons-is-layout-flex\">\r\n<div class=\"wp-block-button\"><a class=\"wp-block-button__link wp-element-button\" href=\"https:\/\/www.instagram.com\/capoeira.bodensee\/\" target=\"_blank\" rel=\"https:\/\/www.instagram.com\/capoeira_uniao_ravensburg\/ noopener\">Instagramm Uni\u00e3o Bodensee<\/a><\/div>\r\n<div class=\"wp-block-button\"><a class=\"wp-block-button__link wp-element-button\" href=\"https:\/\/www.instagram.com\/capoeira_uniao_ravensburg\/\" target=\"_blank\" rel=\"https:\/\/www.instagram.com\/capoeira_uniao_ravensburg\/ noopener\">Instagramm Uni\u00e3o Ravensburg<\/a><\/div>\r\n<div class=\"wp-block-buttons\">\r\n<div class=\"wp-block-button\"><a class=\"wp-block-button__link wp-element-button\" href=\"https:\/\/www.facebook.com\/CapoeiraUniaoAlemanha\/\" target=\"_blank\" rel=\"https:\/\/www.facebook.com\/CapoeiraUniaoAlemanha\/ noopener\">Facebook<\/a><\/div>\r\n<\/div>\r\n<div>\u00a0<\/div>\r\n<div>\u00a0<\/div>\r\n<div>\r\n<div><strong>Kontakt &amp; Anmeldung:\u00a0<\/strong><strong>per Anmeldeformular unter\u00a0<a href=\"https:\/\/www.fc-kluftern.de\/kursprogramm\/onlineanmeldung\/\" target=\"_blank\" rel=\"noopener\">FC Kluftern 1933 e.V.\u00a0<\/a>\u00a0oder per\u00a0<a href=\"mailto:mail@capoeira-uniao.de\" target=\"_blank\" rel=\"noopener\">E-Mail<\/a><\/strong><\/div>\r\n<\/div>\r\n<\/div>","protected":false},"excerpt":{"rendered":"<p>Professora Sereia &amp; Aluno Formado Godzilla &nbsp; Erwachsenen &amp; Jugendliche ab 14 JahreMontags\u00a019:00 \u2013 20:30 UhrFreitags\u00a018:30 \u2013 20:00 Uhr Kinder ab 8 JahreFreitags\u00a016:30 \u2013 17:45 Uhr AdresseBrunnisachhalle KlufternMarkdorfer Str. 108, 88048 Friedrichshafen In den Schulferien findet leider kein Training statt ! F\u00fcr das Training ben\u00f6tigst du bequeme Klamotten und etwas zu trinken. Wir trainieren Barfu\u00df.Wenn [&hellip;]<\/p>\n","protected":false},"author":10,"featured_media":1128,"parent":0,"menu_order":0,"comment_status":"closed","ping_status":"closed","template":"","meta":{"_et_pb_use_builder":"off","_et_pb_old_content":"","_et_gb_content_width":"","jetpack_post_was_ever_published":true,"footnotes":""},"class_list":["post-1605","page","type-page","status-publish","has-post-thumbnail","hentry"],"jetpack_shortlink":"https:\/\/wp.me\/PcsGiZ-pT","jetpack-related-posts":[{"id":41,"url":"https:\/\/capoeira-uniao.de\/blog\/ravensburg\/","url_meta":{"origin":1605,"position":0},"title":"Ravensburg","date":"31\/07\/2013","format":false,"excerpt":"Mestrando Soneca & Professora Sereia CAPOEIRA f\u00fcr Einsteiger, Anf\u00e4nger und Fortgeschrittene. Trainingszeiten: Erwachsene & Jugendliche ab 15 Jahre Mittwochs: 18:45 - 20:15 Uhr Freitags: 18:30 - 20:00 Uhr Kinder Samstags: mit\u00a0Mestrando Soneca &\u00a0Professora Artista 10:00 - 11:00 Uhr ab 4 Jahre 11:00 - 12:30 Uhr ab 7 Jahre Adresse: KJC\u2026","rel":"","context":"\u00c4hnlicher Beitrag","img":{"alt_text":"","src":"https:\/\/i0.wp.com\/capoeira-uniao.de\/blog\/wp-content\/uploads\/2013\/07\/IMG_20150314_142658.jpg?fit=1200%2C900&ssl=1&resize=350%2C200","width":350,"height":200},"classes":[]},{"id":79,"url":"https:\/\/capoeira-uniao.de\/blog\/kindertraining\/","url_meta":{"origin":1605,"position":1},"title":"Kindertraining","date":"31\/07\/2013","format":false,"excerpt":"springen, singen und Klatschen Trainier: Mestrando Soneca Professora Artista Trainingszeiten: Samstag: 10:00 \u2013 11:00 Uhr ab 4 Jahre 11:00 \u2013 12:30 Uhr ab 7 Jahre Ben\u00f6tigen ich irgendwelche\u00a0Voraussetzungen\u00a0oder Spezielle Kleidung? Capoeira kann jede\/er machen der Lust an Bewegung und Musik hat. Ihr ben\u00f6tigt lediglich eine Kurze oder Lange Sporthose und\u2026","rel":"","context":"\u00c4hnlicher Beitrag","img":{"alt_text":"","src":"https:\/\/i0.wp.com\/capoeira-uniao.de\/blog\/wp-content\/uploads\/2015\/10\/Capoeira-infantil.jpg?fit=981%2C706&ssl=1&resize=350%2C200","width":350,"height":200},"classes":[]},{"id":2080,"url":"https:\/\/capoeira-uniao.de\/blog\/primisweiler\/","url_meta":{"origin":1605,"position":2},"title":"Primisweiler","date":"31\/03\/2025","format":false,"excerpt":"Professora Artista Trainingszeiten: Erwachsene & Jugendliche (ab 14 Jahre) Montag: 18:00-19:30 Uhr Gemeindehaus Primisweiler Kinder: Dienstag 15:30 - 16:30 Uhr ab 7 Jahre 16:30 - 17:30 Uhr ab 4 Jahre Sporthalle Primisweiler \u00a0","rel":"","context":"\u00c4hnlicher Beitrag","img":{"alt_text":"","src":"","width":0,"height":0},"classes":[]},{"id":1328,"url":"https:\/\/capoeira-uniao.de\/blog\/news\/","url_meta":{"origin":1605,"position":3},"title":"News","date":"23\/03\/2023","format":false,"excerpt":"[et_pb_text _builder_version=\"4.19.2\" text_font=\"Montserrat|300|||||||\" text_font_size=\"20px\" text_line_height=\"1.8em\" transform_scale=\"108%|108%\" transform_translate=\"3px|-25px\" background_layout=\"dark\" width=\"100%\" custom_padding=\"|0px|0px|||\"\u2026","rel":"","context":"\u00c4hnlicher Beitrag","img":{"alt_text":"","src":"","width":0,"height":0},"classes":[]},{"id":21,"url":"https:\/\/capoeira-uniao.de\/blog\/membersite\/","url_meta":{"origin":1605,"position":4},"title":"Impressum und Datenschutz","date":"31\/07\/2013","format":false,"excerpt":"Angaben gem\u00e4\u00df \u00a7 5 TMG: Akademia de Capoeira Uniao Alemanha Paulo Branco Laurastr. 27 88250 Weingarten Tele: +49 160 94603132 Mail: soneca@capoeira-uniao.de Quelle:\u00a0http:\/\/www.e-recht24.de Haftungsausschluss & Datenschutz auf eine Blick\u00a0 Haftung f\u00fcr Inhalte Als Diensteanbieter sind wir gem\u00e4\u00df \u00a7 7 Abs.1 TMG f\u00fcr eigene Inhalte auf diesen Seiten nach den allgemeinen\u2026","rel":"","context":"\u00c4hnlicher Beitrag","img":{"alt_text":"","src":"","width":0,"height":0},"classes":[]},{"id":49,"url":"https:\/\/capoeira-uniao.de\/blog\/artista\/","url_meta":{"origin":1605,"position":5},"title":"Professora Artista","date":"31\/07\/2013","format":false,"excerpt":"Artista hat ihre Leidenschaft f\u00fcr Capoeira relativ sp\u00e4t entdeckt. Auf ihren Reisen nach Brasilien, USA und in Europa hat sie bei zahlreichen Gruppen mittrainiert und dabei viele Erfahrungen gesammelt. Sie leitete 6 Jahre eine erwachsene und kinder Gruppe in Wangen.","rel":"","context":"\u00c4hnlicher Beitrag","img":{"alt_text":"","src":"https:\/\/i0.wp.com\/capoeira-uniao.de\/blog\/wp-content\/uploads\/2013\/07\/InstrArtistaUniao.jpg?fit=591%2C633&ssl=1&resize=350%2C200","width":350,"height":200},"classes":[]}],"_links":{"self":[{"href":"https:\/\/capoeira-uniao.de\/blog\/wp-json\/wp\/v2\/pages\/1605","targetHints":{"allow":["GET"]}}],"collection":[{"href":"https:\/\/capoeira-uniao.de\/blog\/wp-json\/wp\/v2\/pages"}],"about":[{"href":"https:\/\/capoeira-uniao.de\/blog\/wp-json\/wp\/v2\/types\/page"}],"author":[{"embeddable":true,"href":"https:\/\/capoeira-uniao.de\/blog\/wp-json\/wp\/v2\/users\/10"}],"replies":[{"embeddable":true,"href":"https:\/\/capoeira-uniao.de\/blog\/wp-json\/wp\/v2\/comments?post=1605"}],"version-history":[{"count":102,"href":"https:\/\/capoeira-uniao.de\/blog\/wp-json\/wp\/v2\/pages\/1605\/revisions"}],"predecessor-version":[{"id":2152,"href":"https:\/\/capoeira-uniao.de\/blog\/wp-json\/wp\/v2\/pages\/1605\/revisions\/2152"}],"wp:featuredmedia":[{"embeddable":true,"href":"https:\/\/capoeira-uniao.de\/blog\/wp-json\/wp\/v2\/media\/1128"}],"wp:attachment":[{"href":"https:\/\/capoeira-uniao.de\/blog\/wp-json\/wp\/v2\/media?parent=1605"}],"curies":[{"name":"wp","href":"https:\/\/api.w.org\/{rel}","templated":true}]}}