{"id":1328,"date":"2023-03-23T11:54:45","date_gmt":"2023-03-23T10:54:45","guid":{"rendered":"https:\/\/capoeira-uniao.de\/blog\/?page_id=1328"},"modified":"2023-03-24T00:05:09","modified_gmt":"2023-03-23T23:05:09","slug":"news","status":"publish","type":"page","link":"https:\/\/capoeira-uniao.de\/blog\/news\/","title":{"rendered":"News"},"content":{"rendered":"<p>[et_pb_section fb_built=&#8220;1&#8243; admin_label=&#8220;Hero&#8220; _builder_version=&#8220;4.19.2&#8243; background_color=&#8220;#00457A&#8220; use_background_color_gradient=&#8220;on&#8220; background_color_gradient_stops=&#8220;rgba(0,0,0,0.5) 0%|rgba(0,0,0,0) 100%&#8220; background_color_gradient_overlays_image=&#8220;on&#8220; background_color_gradient_start=&#8220;rgba(0,0,0,0.5)&#8220; background_color_gradient_end=&#8220;rgba(0,0,0,0)&#8220; background_enable_image=&#8220;off&#8220; custom_margin=&#8220;|||&#8220; custom_padding=&#8220;92px|51px|0px|||&#8220; bottom_divider_style=&#8220;slant&#8220; bottom_divider_color=&#8220;#ffffff&#8220; bottom_divider_flip=&#8220;horizontal&#8220; animation_style=&#8220;slide&#8220; animation_direction=&#8220;top&#8220; animation_intensity_slide=&#8220;5%&#8220; animation_starting_opacity=&#8220;100%&#8220; global_colors_info=&#8220;{}&#8220; theme_builder_area=&#8220;post_content&#8220;][et_pb_row column_structure=&#8220;3_4,1_4&#8243; _builder_version=&#8220;4.19.2&#8243; background_size=&#8220;initial&#8220; background_position=&#8220;top_left&#8220; background_repeat=&#8220;repeat&#8220; transform_translate=&#8220;-12px|-11px&#8220; width=&#8220;100%&#8220; custom_margin=&#8220;|auto|8px|17px||&#8220; custom_padding=&#8220;0px|0px|48px|0px||&#8220; global_colors_info=&#8220;{}&#8220; theme_builder_area=&#8220;post_content&#8220;][et_pb_column type=&#8220;3_4&#8243; _builder_version=&#8220;4.16&#8243; custom_padding=&#8220;|||&#8220; global_colors_info=&#8220;{}&#8220; custom_padding__hover=&#8220;|||&#8220; theme_builder_area=&#8220;post_content&#8220;][et_pb_text _builder_version=&#8220;4.19.2&#8243; text_font=&#8220;Montserrat|300|||||||&#8220; text_font_size=&#8220;20px&#8220; text_line_height=&#8220;1.8em&#8220; transform_scale=&#8220;108%|108%&#8220; transform_translate=&#8220;3px|-25px&#8220; background_layout=&#8220;dark&#8220; width=&#8220;100%&#8220; custom_padding=&#8220;|0px|0px|||&#8220; animation_style=&#8220;zoom&#8220; animation_direction=&#8220;left&#8220; animation_delay=&#8220;100ms&#8220; animation_intensity_zoom=&#8220;10%&#8220; global_colors_info=&#8220;{}&#8220; theme_builder_area=&#8220;post_content&#8220;]<\/p>\n<h3>Capoeira Treffen<br \/>am 01.04.2023<br \/>in RAVENSBURG, Deutschland<\/h3>\n<p style=\"text-align: left;\">Das gr\u00f6\u00dfte Capoeira Treffen am Bodensee, mit vielen G\u00e4sten aus aller Welt.<\/p>\n<p style=\"text-align: left;\">Kommt vorbei und erlebt Capoeira in Workshops,\u00a0 Kordelvergabe, Musik und gemeinsames Spielen in der Capoeira-Roda<\/p>\n<p>Ort:<br \/>KJC Ravensburg Sportcenter<br \/>Br\u00fchlstra\u00dfe 36,<br \/>88212 Ravensburg<\/p>\n<p>&nbsp;<\/p>\n<p>[\/et_pb_text][\/et_pb_column][et_pb_column type=&#8220;1_4&#8243; _builder_version=&#8220;4.16&#8243; custom_padding=&#8220;|||&#8220; global_colors_info=&#8220;{}&#8220; custom_padding__hover=&#8220;|||&#8220; theme_builder_area=&#8220;post_content&#8220;][\/et_pb_column][\/et_pb_row][\/et_pb_section][et_pb_section fb_built=&#8220;1&#8243; admin_label=&#8220;About&#8220; _builder_version=&#8220;4.16&#8243; custom_padding=&#8220;10px||24px|||&#8220; global_colors_info=&#8220;{}&#8220; theme_builder_area=&#8220;post_content&#8220;][et_pb_row _builder_version=&#8220;4.16&#8243; custom_margin=&#8220;|auto|-16px|auto||&#8220; custom_padding=&#8220;0px|||||&#8220; global_colors_info=&#8220;{}&#8220; theme_builder_area=&#8220;post_content&#8220;][et_pb_column type=&#8220;4_4&#8243; _builder_version=&#8220;4.16&#8243; custom_padding=&#8220;|||&#8220; global_colors_info=&#8220;{}&#8220; custom_padding__hover=&#8220;|||&#8220; theme_builder_area=&#8220;post_content&#8220;][et_pb_countdown_timer date_time=&#8220;2023-04-01 11:00&#8243; _builder_version=&#8220;4.19.2&#8243; header_text_align=&#8220;justify&#8220; numbers_font=&#8220;Montserrat|500|||||||&#8220; numbers_text_color=&#8220;#4866ff&#8220; numbers_font_size=&#8220;24px&#8220; label_font=&#8220;Montserrat||||||||&#8220; label_font_size=&#8220;9px&#8220; label_line_height=&#8220;7px&#8220; use_background_color=&#8220;off&#8220; background_layout=&#8220;light&#8220; header_font_tablet=&#8220;&#8220; header_font_phone=&#8220;&#8220; header_font_last_edited=&#8220;on|phone&#8220; global_colors_info=&#8220;{}&#8220; theme_builder_area=&#8220;post_content&#8220;][\/et_pb_countdown_timer][\/et_pb_column][\/et_pb_row][\/et_pb_section][et_pb_section fb_built=&#8220;1&#8243; _builder_version=&#8220;4.19.2&#8243; _module_preset=&#8220;default&#8220; module_alignment=&#8220;center&#8220; min_height=&#8220;247px&#8220; min_height_tablet=&#8220;247px&#8220; min_height_phone=&#8220;399px&#8220; min_height_last_edited=&#8220;on|phone&#8220; height=&#8220;1000px&#8220; height_tablet=&#8220;1000px&#8220; height_phone=&#8220;600px&#8220; height_last_edited=&#8220;on|desktop&#8220; max_height=&#8220;1000px&#8220; custom_margin=&#8220;|0px|-153px||false|false&#8220; custom_padding=&#8220;12px||0px||false|false&#8220; top_divider_style_tablet=&#8220;&#8220; top_divider_style_phone=&#8220;&#8220; top_divider_style_last_edited=&#8220;on|phone&#8220; global_colors_info=&#8220;{}&#8220; theme_builder_area=&#8220;post_content&#8220;][et_pb_row _builder_version=&#8220;4.19.2&#8243; _module_preset=&#8220;default&#8220; transform_scale=&#8220;84%|84%&#8220; custom_margin=&#8220;|auto|28px|auto||&#8220; global_colors_info=&#8220;{}&#8220; theme_builder_area=&#8220;post_content&#8220;][et_pb_column type=&#8220;4_4&#8243; _builder_version=&#8220;4.19.2&#8243; _module_preset=&#8220;default&#8220; global_colors_info=&#8220;{}&#8220; theme_builder_area=&#8220;post_content&#8220;][et_pb_video src=&#8220;https:\/\/capoeira-uniao.de\/blog\/wp-content\/uploads\/2023\/03\/event_010423.mp4&#8243; admin_label=&#8220;Video&#8220; module_class=&#8220;lwp-video-autoplay&#8220; _builder_version=&#8220;4.19.2&#8243; _module_preset=&#8220;default&#8220; custom_margin=&#8220;||-1px|||&#8220; custom_padding=&#8220;0px|||||&#8220; animation_style=&#8220;slide&#8220; global_colors_info=&#8220;{}&#8220; theme_builder_area=&#8220;post_content&#8220;][\/et_pb_video][\/et_pb_column][\/et_pb_row][\/et_pb_section][et_pb_section fb_built=&#8220;1&#8243; admin_label=&#8220;Video&#8220; _builder_version=&#8220;4.19.2&#8243; global_colors_info=&#8220;{}&#8220; theme_builder_area=&#8220;post_content&#8220;][et_pb_row make_equal=&#8220;on&#8220; custom_padding_last_edited=&#8220;on|phone&#8220; _builder_version=&#8220;4.19.2&#8243; background_color=&#8220;RGBA(255,255,255,0)&#8220; transform_scale=&#8220;103%|103%&#8220; transform_translate=&#8220;12px|-59px&#8220; width=&#8220;95%&#8220; max_width=&#8220;130%&#8220; max_width_tablet=&#8220;130%&#8220; max_width_phone=&#8220;100%&#8220; max_width_last_edited=&#8220;on|phone&#8220; module_alignment=&#8220;left&#8220; min_height=&#8220;493.4px&#8220; min_height_tablet=&#8220;493.4px&#8220; min_height_phone=&#8220;493.4px&#8220; min_height_last_edited=&#8220;on|phone&#8220; custom_margin=&#8220;0.3%|71px||auto||&#8220; custom_margin_tablet=&#8220;-32.6%|auto||auto||&#8220; custom_margin_phone=&#8220;-10.8%|-96px||54px||&#8220; custom_margin_last_edited=&#8220;on|tablet&#8220; custom_padding=&#8220;0.8%|14.8%|8%|10%||&#8220; custom_padding_tablet=&#8220;13.2%|10%|8%|5.8%||&#8220; custom_padding_phone=&#8220;2.1%|3.2%|2.1%|4.3%|true|&#8220; animation_style=&#8220;roll&#8220; use_custom_width=&#8220;on&#8220; width_unit=&#8220;off&#8220; global_colors_info=&#8220;{}&#8220; theme_builder_area=&#8220;post_content&#8220;][et_pb_column type=&#8220;4_4&#8243; admin_label=&#8220;Spalte&#8220; _builder_version=&#8220;4.19.2&#8243; background_color=&#8220;RGBA(255,255,255,0)&#8220; transform_scale=&#8220;104%|104%&#8220; transform_translate=&#8220;-7px|0px&#8220; custom_padding=&#8220;|||&#8220; global_colors_info=&#8220;{}&#8220; custom_padding__hover=&#8220;|||&#8220; theme_builder_area=&#8220;post_content&#8220;][et_pb_text admin_label=&#8220;Title&#8220; _builder_version=&#8220;4.19.2&#8243; text_font=&#8220;||||||||&#8220; header_font=&#8220;||||||||&#8220; header_2_font=&#8220;Montserrat|500|||||||&#8220; header_2_font_size=&#8220;30px&#8220; background_color=&#8220;#00457A&#8220; transform_scale=&#8220;87%|87%&#8220; transform_translate=&#8220;-34px|123px&#8220; background_layout=&#8220;dark&#8220; max_width=&#8220;961px&#8220; min_height=&#8220;476.9px&#8220; custom_margin=&#8220;-81px|-35px||-23px|false|false&#8220; custom_padding=&#8220;1px|0px||12px|false|false&#8220; animation_style=&#8220;fade&#8220; global_colors_info=&#8220;{}&#8220; custom_css_after_last_edited=&#8220;on|phone&#8220; custom_css_main_element_last_edited=&#8220;on|phone&#8220; custom_css_before_last_edited=&#8220;on|phone&#8220; theme_builder_area=&#8220;post_content&#8220;]<\/p>\n<h2><strong>G\u00e4ste <\/strong><\/h2>\n<h3>von Grupo Capoeira <span>UNI\u00c3O: <\/span><\/h3>\n<h3><span>Mestre Omar<br \/>Mestrando Dengoso<br \/>Professor Farinha<\/span><\/h3>\n<p><span><strong><\/strong><\/span><\/p>\n<h3><span>und aus aller <strong>WELT<\/strong><\/span><span><br \/>Contramestre Emboscada<br \/>Contramestre Adriano<br \/><\/span><span>Estagi\u00e1rio Trigo<\/span><\/h3>\n<h4><\/h4>\n<h4><\/h4>\n<h4><\/h4>\n<h3><strong>Organisation<\/strong><\/h3>\n<h4>Mestrando Soneca<br \/>Professora Artista<br \/>Aluna Formada Sereia do mar<br \/>Aluno Formado Aranha<br \/><span>Intrutora Lutadora<br \/><\/span><\/h4>\n<p>[\/et_pb_text][\/et_pb_column][\/et_pb_row][\/et_pb_section][et_pb_section fb_built=&#8220;1&#8243; admin_label=&#8220;Blog&#8220; _builder_version=&#8220;4.16&#8243; global_colors_info=&#8220;{}&#8220; theme_builder_area=&#8220;post_content&#8220;][et_pb_row _builder_version=&#8220;4.16&#8243; global_colors_info=&#8220;{}&#8220; theme_builder_area=&#8220;post_content&#8220;][et_pb_column type=&#8220;4_4&#8243; _builder_version=&#8220;4.16&#8243; custom_padding=&#8220;|||&#8220; global_colors_info=&#8220;{}&#8220; custom_padding__hover=&#8220;|||&#8220; theme_builder_area=&#8220;post_content&#8220;][et_pb_blog fullwidth=&#8220;off&#8220; posts_number=&#8220;3&#8243; include_categories=&#8220;72&#8243; show_more=&#8220;on&#8220; show_author=&#8220;off&#8220; show_date=&#8220;off&#8220; show_categories=&#8220;off&#8220; show_pagination=&#8220;off&#8220; _builder_version=&#8220;4.16&#8243; header_font=&#8220;Montserrat||||||||&#8220; header_font_size=&#8220;16px&#8220; header_line_height=&#8220;1.4em&#8220; body_font=&#8220;Montserrat|300|||||||&#8220; body_line_height=&#8220;2em&#8220; border_width_all=&#8220;0px&#8220; box_shadow_style=&#8220;preset3&#8243; box_shadow_vertical=&#8220;45px&#8220; box_shadow_blur=&#8220;62px&#8220; box_shadow_color=&#8220;rgba(18,47,100,0.06)&#8220; global_colors_info=&#8220;{}&#8220; theme_builder_area=&#8220;post_content&#8220;][\/et_pb_blog][\/et_pb_column][\/et_pb_row][\/et_pb_section]<\/p>\n","protected":false},"excerpt":{"rendered":"<p>Capoeira Treffenam 01.04.2023in RAVENSBURG, Deutschland Das gr\u00f6\u00dfte Capoeira Treffen am Bodensee, mit vielen G\u00e4sten aus aller Welt. Kommt vorbei und erlebt Capoeira in Workshops,\u00a0 Kordelvergabe, Musik und gemeinsames Spielen in der Capoeira-Roda Ort:KJC Ravensburg SportcenterBr\u00fchlstra\u00dfe 36,88212 Ravensburg &nbsp;G\u00e4ste von Grupo Capoeira UNI\u00c3O: Mestre OmarMestrando DengosoProfessor Farinha und aus aller WELTContramestre EmboscadaContramestre AdrianoEstagi\u00e1rio Trigo Organisation Mestrando [&hellip;]<\/p>\n","protected":false},"author":10,"featured_media":0,"parent":0,"menu_order":0,"comment_status":"closed","ping_status":"closed","template":"","meta":{"_et_pb_use_builder":"on","_et_pb_old_content":"","_et_gb_content_width":"","jetpack_post_was_ever_published":false,"footnotes":""},"class_list":["post-1328","page","type-page","status-publish","hentry"],"jetpack_shortlink":"https:\/\/wp.me\/PcsGiZ-lq","jetpack-related-posts":[],"_links":{"self":[{"href":"https:\/\/capoeira-uniao.de\/blog\/wp-json\/wp\/v2\/pages\/1328","targetHints":{"allow":["GET"]}}],"collection":[{"href":"https:\/\/capoeira-uniao.de\/blog\/wp-json\/wp\/v2\/pages"}],"about":[{"href":"https:\/\/capoeira-uniao.de\/blog\/wp-json\/wp\/v2\/types\/page"}],"author":[{"embeddable":true,"href":"https:\/\/capoeira-uniao.de\/blog\/wp-json\/wp\/v2\/users\/10"}],"replies":[{"embeddable":true,"href":"https:\/\/capoeira-uniao.de\/blog\/wp-json\/wp\/v2\/comments?post=1328"}],"version-history":[{"count":17,"href":"https:\/\/capoeira-uniao.de\/blog\/wp-json\/wp\/v2\/pages\/1328\/revisions"}],"predecessor-version":[{"id":1499,"href":"https:\/\/capoeira-uniao.de\/blog\/wp-json\/wp\/v2\/pages\/1328\/revisions\/1499"}],"wp:attachment":[{"href":"https:\/\/capoeira-uniao.de\/blog\/wp-json\/wp\/v2\/media?parent=1328"}],"curies":[{"name":"wp","href":"https:\/\/api.w.org\/{rel}","templated":true}]}}